{"id":4539,"date":"2024-12-13T12:25:35","date_gmt":"2024-12-13T09:25:35","guid":{"rendered":"https:\/\/www.ebruatalay.com\/?page_id=4539"},"modified":"2025-12-08T17:04:08","modified_gmt":"2025-12-08T14:04:08","slug":"cin-astrolojisi","status":"publish","type":"page","link":"https:\/\/www.ebruatalay.com\/en\/cin-astrolojisi\/","title":{"rendered":"CHINESE ASTROLOGY"},"content":{"rendered":"<div data-elementor-type=\"wp-page\" data-elementor-id=\"4539\" class=\"elementor elementor-4539\" data-elementor-post-type=\"page\">\n\t\t\t\t\t\t<section class=\"elementor-section elementor-top-section elementor-element elementor-element-6bcdcbc elementor-section-full_width elementor-section-height-default elementor-section-height-default\" data-id=\"6bcdcbc\" data-element_type=\"section\" data-settings=\"{&quot;background_background&quot;:&quot;classic&quot;,&quot;shape_divider_bottom&quot;:&quot;mountains&quot;,&quot;animation&quot;:&quot;none&quot;,&quot;_ha_eqh_enable&quot;:false}\">\n\t\t\t\t\t<div class=\"elementor-shape elementor-shape-bottom\" data-negative=\"false\">\n\t\t\t<svg xmlns=\"http:\/\/www.w3.org\/2000\/svg\" viewbox=\"0 0 1000 100\" preserveaspectratio=\"none\">\n\t<path class=\"elementor-shape-fill\" opacity=\"0.33\" d=\"M473,67.3c-203.9,88.3-263.1-34-320.3,0C66,119.1,0,59.7,0,59.7V0h1000v59.7 c0,0-62.1,26.1-94.9,29.3c-32.8,3.3-62.8-12.3-75.8-22.1C806,49.6,745.3,8.7,694.9,4.7S492.4,59,473,67.3z\"\/>\n\t<path class=\"elementor-shape-fill\" opacity=\"0.66\" d=\"M734,67.3c-45.5,0-77.2-23.2-129.1-39.1c-28.6-8.7-150.3-10.1-254,39.1 s-91.7-34.4-149.2,0C115.7,118.3,0,39.8,0,39.8V0h1000v36.5c0,0-28.2-18.5-92.1-18.5C810.2,18.1,775.7,67.3,734,67.3z\"\/>\n\t<path class=\"elementor-shape-fill\" d=\"M766.1,28.9c-200-57.5-266,65.5-395.1,19.5C242,1.8,242,5.4,184.8,20.6C128,35.8,132.3,44.9,89.9,52.5C28.6,63.7,0,0,0,0 h1000c0,0-9.9,40.9-83.6,48.1S829.6,47,766.1,28.9z\"\/>\n<\/svg>\t\t<\/div>\n\t\t\t\t\t<div class=\"elementor-container elementor-column-gap-default\">\n\t\t\t\t\t<div class=\"elementor-column elementor-col-100 elementor-top-column elementor-element elementor-element-8f676b6\" data-id=\"8f676b6\" data-element_type=\"column\">\n\t\t\t<div class=\"elementor-widget-wrap elementor-element-populated\">\n\t\t\t\t\t\t<div class=\"elementor-element elementor-element-4d3cbe1 elementor-widget-mobile__width-initial elementor-headline--style-highlight elementor-invisible elementor-widget elementor-widget-animated-headline\" data-id=\"4d3cbe1\" data-element_type=\"widget\" data-settings=\"{&quot;marker&quot;:&quot;double_underline&quot;,&quot;_animation&quot;:&quot;zoomIn&quot;,&quot;headline_style&quot;:&quot;highlight&quot;,&quot;loop&quot;:&quot;yes&quot;,&quot;highlight_animation_duration&quot;:1200,&quot;highlight_iteration_delay&quot;:8000}\" data-widget_type=\"animated-headline.default\">\n\t\t\t\t<div class=\"elementor-widget-container\">\n\t\t\t<link rel=\"stylesheet\" href=\"https:\/\/www.ebruatalay.com\/wp-content\/plugins\/elementor-pro\/assets\/css\/widget-animated-headline.min.css?ver=1725525101\">\t\t<h3 class=\"elementor-headline\">\n\t\t\t\t<span class=\"elementor-headline-dynamic-wrapper elementor-headline-text-wrapper\">\n\t\t\t\t<\/span>\n\t\t\t\t\t<span class=\"elementor-headline-plain-text elementor-headline-text-wrapper\">\u00c7in Astrolojisiyle Kader Haritan\u0131 Okumaya Haz\u0131r m\u0131s\u0131n?<\/span>\n\t\t\t\t\t<\/h3>\n\t\t\t\t<\/div>\n\t\t\t\t<\/div>\n\t\t\t\t\t<\/div>\n\t\t<\/div>\n\t\t\t\t\t<\/div>\n\t\t<\/section>\n\t\t\t\t<section class=\"elementor-section elementor-top-section elementor-element elementor-element-031186a elementor-section-boxed elementor-section-height-default elementor-section-height-default\" data-id=\"031186a\" data-element_type=\"section\" data-settings=\"{&quot;background_background&quot;:&quot;classic&quot;,&quot;_ha_eqh_enable&quot;:false}\">\n\t\t\t\t\t\t<div class=\"elementor-container elementor-column-gap-default\">\n\t\t\t\t\t<div class=\"elementor-column elementor-col-100 elementor-top-column elementor-element elementor-element-88cfaf9\" data-id=\"88cfaf9\" data-element_type=\"column\">\n\t\t\t<div class=\"elementor-widget-wrap elementor-element-populated\">\n\t\t\t\t\t\t<div class=\"elementor-element elementor-element-b3f87b9 elementor-widget-mobile__width-initial elementor-headline--style-highlight elementor-invisible elementor-widget elementor-widget-animated-headline\" data-id=\"b3f87b9\" data-element_type=\"widget\" data-settings=\"{&quot;marker&quot;:&quot;double_underline&quot;,&quot;highlighted_text&quot;:&quot;\\u00c7in&quot;,&quot;_animation&quot;:&quot;fadeInUp&quot;,&quot;headline_style&quot;:&quot;highlight&quot;,&quot;loop&quot;:&quot;yes&quot;,&quot;highlight_animation_duration&quot;:1200,&quot;highlight_iteration_delay&quot;:8000}\" data-widget_type=\"animated-headline.default\">\n\t\t\t\t<div class=\"elementor-widget-container\">\n\t\t\t\t\t<h3 class=\"elementor-headline\">\n\t\t\t\t<span class=\"elementor-headline-dynamic-wrapper elementor-headline-text-wrapper\">\n\t\t\t\t\t<span class=\"elementor-headline-dynamic-text elementor-headline-text-active\">Chinese<\/span>\n\t\t\t\t<\/span>\n\t\t\t\t\t<span class=\"elementor-headline-plain-text elementor-headline-text-wrapper\">Astrology<\/span>\n\t\t\t\t\t<\/h3>\n\t\t\t\t<\/div>\n\t\t\t\t<\/div>\n\t\t\t\t<div class=\"elementor-element elementor-element-04ae7ac elementor-widget-mobile__width-initial elementor-invisible elementor-widget elementor-widget-text-editor\" data-id=\"04ae7ac\" data-element_type=\"widget\" data-settings=\"{&quot;_animation&quot;:&quot;fadeInUp&quot;}\" data-widget_type=\"text-editor.default\">\n\t\t\t\t<div class=\"elementor-widget-container\">\n\t\t\t<style>\/*! elementor - v3.23.0 - 15-07-2024 *\/\n.elementor-widget-text-editor.elementor-drop-cap-view-stacked .elementor-drop-cap{background-color:#69727d;color:#fff}.elementor-widget-text-editor.elementor-drop-cap-view-framed .elementor-drop-cap{color:#69727d;border:3px solid;background-color:transparent}.elementor-widget-text-editor:not(.elementor-drop-cap-view-default) .elementor-drop-cap{margin-top:8px}.elementor-widget-text-editor:not(.elementor-drop-cap-view-default) .elementor-drop-cap-letter{width:1em;height:1em}.elementor-widget-text-editor .elementor-drop-cap{float:left;text-align:center;line-height:1;font-size:50px}.elementor-widget-text-editor .elementor-drop-cap-letter{display:inline-block}<\/style>\t\t\t\t<p>\ud83c\udf0c<strong> Hayat\u0131n\u0131z\u0131n Haritas\u0131n\u0131 Okumaya Haz\u0131r m\u0131s\u0131n\u0131z?<\/strong><\/p><p><br \/>Bazen neden ayn\u0131 d\u00f6ng\u00fcleri tekrar tekrar ya\u015fad\u0131\u011f\u0131m\u0131z\u0131 merak ederiz\u2026<br \/>Neden benzer insanlara \u00e7ekiliriz, benzer sorunlarla s\u0131nan\u0131r\u0131z, baz\u0131 y\u0131llarda \u0131\u015f\u0131ldarken baz\u0131 zamanlarda i\u00e7imize kapan\u0131r\u0131z?<br \/>\u00c7\u00fcnk\u00fc her birimizin do\u011fdu\u011fu anda evrene kaz\u0131nan, sadece bize ait bir enerji kodu vard\u0131r.<\/p><p><br \/>\u00c7in Astrolojisi, bu kodu \u00e7\u00f6zmemize, zaman\u0131n enerjisini okumam\u0131za ve potansiyelimizin fark\u0131na varmam\u0131za olanak sa\u011flar.<br \/>Bu e\u011fitim, yaln\u0131zca bir astroloji bilgisi de\u011fil;<br \/>\ud83c\udf31 Kendini anlaman\u0131n,<br \/>\u23f3 Zamanla i\u015f birli\u011fi kurman\u0131n ve<br \/>\ud83e\udded Hayatla uyumlanman\u0131n sanat\u0131.<\/p><p><br \/>Kendi do\u011fum tarihinle olu\u015fturulan 4 s\u00fctunlu kader haritan sayesinde:<\/p><p><br \/>\u2022 \u0130li\u015fkilerdeki tekrar eden kal\u0131plar\u0131 fark edeceksin,<br \/>\u2022 Hangi y\u0131llarda risk almal\u0131, hangilerinde geri \u00e7ekilmelisin \u00f6\u011freneceksin,<br \/>\u2022 \u0130\u00e7inde ta\u015f\u0131d\u0131\u011f\u0131n gizli potansiyeli g\u00fcn y\u00fcz\u00fcne \u00e7\u0131karacaks\u0131n,<br \/>\u2022 Hayat\u0131n\u0131 anlamland\u0131ran bir zaman pusulas\u0131na sahip olacaks\u0131n.<br \/>Ve belki de en \u00f6nemlisi,<br \/>\u201cKaderimi ben mi yaz\u0131yorum?\u201d sorusuna yepyeni bir bak\u0131\u015f a\u00e7\u0131s\u0131 geli\u015ftireceksin.<\/p><p><br \/>\ud83d\udcda \u015eimdi, her haftas\u0131 s\u00fcrprizlerle dolu bu 10 haftal\u0131k yolculu\u011fun detaylar\u0131n\u0131 ke\u015ffetmeye ba\u015fla.<\/p><p><br \/>\u00c7\u00fcnk\u00fc bu sadece bir e\u011fitim de\u011fil\u2026<br \/>Kendine do\u011fru bir uyan\u0131\u015f.<\/p><p><br \/>4 S\u00fctunlu Kader Haritas\u0131 ile Kendini, Zaman\u0131 ve Hayat\u0131n\u0131 Anlama Sanat\u0131<\/p><p>\u00a0<\/p>\t\t\t\t\t\t<\/div>\n\t\t\t\t<\/div>\n\t\t\t\t\t<\/div>\n\t\t<\/div>\n\t\t\t\t\t<\/div>\n\t\t<\/section>\n\t\t\t\t<section class=\"elementor-section elementor-top-section elementor-element elementor-element-5125d74 elementor-section-full_width elementor-section-height-default elementor-section-height-default\" data-id=\"5125d74\" data-element_type=\"section\" data-settings=\"{&quot;background_background&quot;:&quot;classic&quot;,&quot;shape_divider_bottom&quot;:&quot;mountains&quot;,&quot;shape_divider_top&quot;:&quot;mountains&quot;,&quot;_ha_eqh_enable&quot;:false}\">\n\t\t\t\t\t<div class=\"elementor-shape elementor-shape-top\" data-negative=\"false\">\n\t\t\t<svg xmlns=\"http:\/\/www.w3.org\/2000\/svg\" viewbox=\"0 0 1000 100\" preserveaspectratio=\"none\">\n\t<path class=\"elementor-shape-fill\" opacity=\"0.33\" d=\"M473,67.3c-203.9,88.3-263.1-34-320.3,0C66,119.1,0,59.7,0,59.7V0h1000v59.7 c0,0-62.1,26.1-94.9,29.3c-32.8,3.3-62.8-12.3-75.8-22.1C806,49.6,745.3,8.7,694.9,4.7S492.4,59,473,67.3z\"\/>\n\t<path class=\"elementor-shape-fill\" opacity=\"0.66\" d=\"M734,67.3c-45.5,0-77.2-23.2-129.1-39.1c-28.6-8.7-150.3-10.1-254,39.1 s-91.7-34.4-149.2,0C115.7,118.3,0,39.8,0,39.8V0h1000v36.5c0,0-28.2-18.5-92.1-18.5C810.2,18.1,775.7,67.3,734,67.3z\"\/>\n\t<path class=\"elementor-shape-fill\" d=\"M766.1,28.9c-200-57.5-266,65.5-395.1,19.5C242,1.8,242,5.4,184.8,20.6C128,35.8,132.3,44.9,89.9,52.5C28.6,63.7,0,0,0,0 h1000c0,0-9.9,40.9-83.6,48.1S829.6,47,766.1,28.9z\"\/>\n<\/svg>\t\t<\/div>\n\t\t\t\t<div class=\"elementor-shape elementor-shape-bottom\" data-negative=\"false\">\n\t\t\t<svg xmlns=\"http:\/\/www.w3.org\/2000\/svg\" viewbox=\"0 0 1000 100\" preserveaspectratio=\"none\">\n\t<path class=\"elementor-shape-fill\" opacity=\"0.33\" d=\"M473,67.3c-203.9,88.3-263.1-34-320.3,0C66,119.1,0,59.7,0,59.7V0h1000v59.7 c0,0-62.1,26.1-94.9,29.3c-32.8,3.3-62.8-12.3-75.8-22.1C806,49.6,745.3,8.7,694.9,4.7S492.4,59,473,67.3z\"\/>\n\t<path class=\"elementor-shape-fill\" opacity=\"0.66\" d=\"M734,67.3c-45.5,0-77.2-23.2-129.1-39.1c-28.6-8.7-150.3-10.1-254,39.1 s-91.7-34.4-149.2,0C115.7,118.3,0,39.8,0,39.8V0h1000v36.5c0,0-28.2-18.5-92.1-18.5C810.2,18.1,775.7,67.3,734,67.3z\"\/>\n\t<path class=\"elementor-shape-fill\" d=\"M766.1,28.9c-200-57.5-266,65.5-395.1,19.5C242,1.8,242,5.4,184.8,20.6C128,35.8,132.3,44.9,89.9,52.5C28.6,63.7,0,0,0,0 h1000c0,0-9.9,40.9-83.6,48.1S829.6,47,766.1,28.9z\"\/>\n<\/svg>\t\t<\/div>\n\t\t\t\t\t<div class=\"elementor-container elementor-column-gap-default\">\n\t\t\t\t\t<div class=\"elementor-column elementor-col-100 elementor-top-column elementor-element elementor-element-e370b2e\" data-id=\"e370b2e\" data-element_type=\"column\">\n\t\t\t<div class=\"elementor-widget-wrap elementor-element-populated\">\n\t\t\t\t\t\t<section class=\"elementor-section elementor-inner-section elementor-element elementor-element-8fdb11c elementor-section-boxed elementor-section-height-default elementor-section-height-default\" data-id=\"8fdb11c\" data-element_type=\"section\" data-settings=\"{&quot;_ha_eqh_enable&quot;:false}\">\n\t\t\t\t\t\t<div class=\"elementor-container elementor-column-gap-default\">\n\t\t\t\t\t<div class=\"elementor-column elementor-col-100 elementor-inner-column elementor-element elementor-element-3e81624 elementor-invisible\" data-id=\"3e81624\" data-element_type=\"column\" data-settings=\"{&quot;animation&quot;:&quot;fadeInLeft&quot;}\">\n\t\t\t<div class=\"elementor-widget-wrap elementor-element-populated\">\n\t\t\t\t\t\t<div class=\"elementor-element elementor-element-da2d696 elementor-widget-mobile__width-initial elementor-invisible elementor-widget elementor-widget-text-editor\" data-id=\"da2d696\" data-element_type=\"widget\" data-settings=\"{&quot;_animation&quot;:&quot;fadeInUp&quot;}\" data-widget_type=\"text-editor.default\">\n\t\t\t\t<div class=\"elementor-widget-container\">\n\t\t\t\t\t\t\t<p>\ud83d\uddd3\ufe0f E\u011fitim S\u00fcresi ve Takvimi<br \/>\ud83d\udccc S\u00fcre: 10 Hafta<br \/>\ud83d\udd57 Saat: Her \u00c7ar\u015famba, 20.00 \u2013 23.00<br \/>\ud83c\udf10 Platform: Zoom (Canl\u0131 ba\u011flant\u0131 \u2013 kay\u0131tlar eri\u015filebilir)<\/p><p>Her hafta ayn\u0131 g\u00fcn ve saatte bulu\u015farak, kadim bilgelikle \u00f6r\u00fclm\u00fc\u015f bu \u00f6zel yolculu\u011fu birlikte ad\u0131m ad\u0131m ya\u015fayaca\u011f\u0131z. E\u011fitim s\u00fcresince hem canl\u0131 kat\u0131l\u0131m hem de kay\u0131t izleme imk\u00e2n\u0131 sunulacakt\u0131r.<\/p><p>\ud83d\udcc6 10 Haftal\u0131k E\u011fitim Program\u0131<br \/>1. Hafta \u2013 \u00c7in Kozmolojisine Giri\u015f ve Tai Chi\u2019nin S\u0131rr\u0131<br \/>\u2022 Yin &amp; Yang ilkesi<br \/>\u2022 Tai Chi ve evrensel kutuplar<br \/>\u2022 5 Element sistemi ve evrensel d\u00f6ng\u00fc<br \/><br \/>2. Hafta \u2013 5 Elementin Dinami\u011fi ve \u0130nsan Do\u011fas\u0131<br \/>\u2022 A\u011fa\u00e7, Ate\u015f, Toprak, Metal, Su\u2019nun i\u015fleyi\u015fi<br \/>\u2022 Element d\u00f6ng\u00fcleri: \u00fcretim, kontrol, y\u0131k\u0131m<br \/>\u2022 Karakter \u00fczerindeki etkiler<br \/><br \/>3. Hafta \u2013 \u00c7in Takvimi ve Zaman\u0131n Kodlar\u0131<br \/>\u2022 Hsia Takvimi ve 24 Da\u011f<br \/>\u2022 Mevsimsel ge\u00e7i\u015fler ve enerji d\u00f6ng\u00fcleri<br \/>\u2022 G\u00fcn \u2013 ay \u2013 y\u0131l \u2013 saat elementleri<br \/><br \/>4. Hafta \u2013 4 S\u00fctun Haritas\u0131: Yap\u0131, G\u00fcn Efendisi ve Ana Roller<br \/>\u2022 4 s\u00fctunun temsil etti\u011fi alanlar<br \/>\u2022 Haritada &#8220;G\u00fcn Efendisi&#8221; ile benlik analizi<br \/>\u2022 G\u00f6ksel K\u00f6kler ve D\u00fcnyevi Dallar<br \/><br \/>5. Hafta \u2013 Elementin G\u00fcc\u00fcn\u00fc Tan\u0131ma ve \u015eans D\u00f6ng\u00fclerine Giri\u015f<br \/>\u2022 Haritada kuvvetli\/zay\u0131f element analizi<br \/>\u2022 Kendi ki\u015fisel elementini tan\u0131<br \/>\u2022 10 y\u0131ll\u0131k \u015fans d\u00f6ng\u00fcleri ve etkileri<br \/><br \/>6. Hafta \u2013 Hayat\u0131n 5 Fakt\u00f6r\u00fc: Para, G\u00fc\u00e7, Yetenek, Kaynak, Dost<br \/>\u2022 Bu fakt\u00f6rlerin haritada temsili<br \/>\u2022 Hangi fakt\u00f6r sende nas\u0131l i\u015fliyor?<br \/>\u2022 Zay\u0131f alanlara denge stratejileri<br \/><br \/>7. Hafta \u2013 10 Elementsel Ki\u015filik Tipi ve Yap\u0131lar\u0131n Derin Anlam\u0131<br \/>\u2022 Yang\/Yin elementlerin karakter \u00f6zellikleri<br \/>\u2022 Kendi yap\u0131n\u0131 tan\u0131ma<br \/>\u2022 Karakter ve davran\u0131\u015f kal\u0131plar\u0131n\u0131n fark\u0131ndal\u0131\u011f\u0131<br \/><br \/>8. Hafta \u2013 Uyumlar, \u00c7at\u0131\u015fmalar, Cezalar ve 12 Ya\u015fam D\u00f6ng\u00fcs\u00fc<br \/>\u2022 Kombinasyonlar ve total \u00e7at\u0131\u015fmalar<br \/>\u2022 Karmik d\u00f6ng\u00fcler: Fu Yin, Kendine Ceza<br \/>\u2022 Elementlerin do\u011fumdan \u00f6l\u00fcme yolculu\u011fu<br \/><br \/>9. Hafta \u2013 Sembolik Y\u0131ld\u0131zlar, \u0130li\u015fkiler ve Duygusal G\u00f6stergeler<br \/>\u2022 Romantik Y\u0131ld\u0131z, K\u0131z\u0131l B\u00fcy\u00fc, Koruyucu Melek<br \/>\u2022 Evlilik, bo\u015fanma ve e\u015f elementi<br \/>\u2022 Duygusal ve ili\u015fkisel \u015femalar\u0131n haritada g\u00f6r\u00fcn\u00fcm\u00fc<br \/><br \/>10. Hafta \u2013 Kariyer, Meslek ve Sa\u011fl\u0131k Yorumlamalar\u0131<br \/>\u2022 Elementlere g\u00f6re meslek se\u00e7imi<br \/>\u2022 45 ya\u015f sonras\u0131 y\u00f6n tayini<br \/>\u2022 Sa\u011fl\u0131k riskleri, beden-element ili\u015fkisi<br \/>\u2022 5 elementle ya\u015famda dengeyi kurmak<br \/><br \/>\ud83c\udf93 E\u011fitim Sonunda Kazanacaklar\u0131n\u0131z:<br \/>\u2022 Kendi ve ba\u015fkalar\u0131n\u0131n haritalar\u0131n\u0131 profesyonelce yorumlayabilme<br \/>\u2022 Zamanlama stratejisi olu\u015fturma ve do\u011fru karar anlar\u0131n\u0131 yakalama<br \/>\u2022 \u0130li\u015fki, kariyer ve sa\u011fl\u0131k alanlar\u0131nda fark\u0131ndal\u0131k kazanma<br \/>\u2022 \u00c7in astrolojisiyle dan\u0131\u015fmanl\u0131k yapabilecek d\u00fczeyde altyap\u0131<br \/>\u2022 Kat\u0131l\u0131m sertifikas\u0131 ve \u00f6zel el kitap\u00e7\u0131\u011f\u0131<br \/><br \/>\ud83c\udf3f Bonus:<br \/>\u2022 Ki\u015fisel harita \u00e7\u0131kt\u0131s\u0131<br \/>\u2022 Haftal\u0131k analiz egzersizleri<br \/>\u2022 E\u011fitim sonras\u0131 kat\u0131l\u0131mc\u0131 grubu ile \u00f6zel payla\u015f\u0131m grubu<br \/><br \/>\ud83d\udcac \u201cKader bir yazg\u0131 de\u011fil, zamanla kurulan bilin\u00e7li bir i\u015f birli\u011fidir. \u00c7in astrolojisi ise o i\u015f birli\u011finin pusulas\u0131d\u0131r.\u201d<\/p>\t\t\t\t\t\t<\/div>\n\t\t\t\t<\/div>\n\t\t\t\t<div class=\"elementor-element elementor-element-a01710a elementor-align-center elementor-widget elementor-widget-button\" data-id=\"a01710a\" data-element_type=\"widget\" data-widget_type=\"button.default\">\n\t\t\t\t<div class=\"elementor-widget-container\">\n\t\t\t\t\t<div class=\"elementor-button-wrapper\">\n\t\t\t<a class=\"elementor-button elementor-button-link elementor-size-sm\" href=\"https:\/\/www.ebruatalay.com\/en\/performans\/courses\/cin-astrolojisi\/\" target=\"_blank\">\n\t\t\t\t\t\t<span class=\"elementor-button-content-wrapper\">\n\t\t\t\t\t\t\t\t\t<span class=\"elementor-button-text\">BUY NOW<\/span>\n\t\t\t\t\t<\/span>\n\t\t\t\t\t<\/a>\n\t\t<\/div>\n\t\t\t\t<\/div>\n\t\t\t\t<\/div>\n\t\t\t\t\t<\/div>\n\t\t<\/div>\n\t\t\t\t\t<\/div>\n\t\t<\/section>\n\t\t\t\t\t<\/div>\n\t\t<\/div>\n\t\t\t\t\t<\/div>\n\t\t<\/section>\n\t\t\t\t<\/div>","protected":false},"excerpt":{"rendered":"<p>\u00c7in Astrolojisiyle Kader Haritan\u0131 Okumaya Haz\u0131r m\u0131s\u0131n? \u00c7in Astrolojisi ???? [&hellip;]<\/p>","protected":false},"author":1,"featured_media":0,"parent":0,"menu_order":0,"comment_status":"closed","ping_status":"closed","template":"elementor_header_footer","meta":{"footnotes":""},"_links":{"self":[{"href":"https:\/\/www.ebruatalay.com\/en\/wp-json\/wp\/v2\/pages\/4539"}],"collection":[{"href":"https:\/\/www.ebruatalay.com\/en\/wp-json\/wp\/v2\/pages"}],"about":[{"href":"https:\/\/www.ebruatalay.com\/en\/wp-json\/wp\/v2\/types\/page"}],"author":[{"embeddable":true,"href":"https:\/\/www.ebruatalay.com\/en\/wp-json\/wp\/v2\/users\/1"}],"replies":[{"embeddable":true,"href":"https:\/\/www.ebruatalay.com\/en\/wp-json\/wp\/v2\/comments?post=4539"}],"version-history":[{"count":19,"href":"https:\/\/www.ebruatalay.com\/en\/wp-json\/wp\/v2\/pages\/4539\/revisions"}],"predecessor-version":[{"id":4717,"href":"https:\/\/www.ebruatalay.com\/en\/wp-json\/wp\/v2\/pages\/4539\/revisions\/4717"}],"wp:attachment":[{"href":"https:\/\/www.ebruatalay.com\/en\/wp-json\/wp\/v2\/media?parent=4539"}],"curies":[{"name":"wp","href":"https:\/\/api.w.org\/{rel}","templated":true}]}}